{"id":858,"date":"2022-03-20T11:40:26","date_gmt":"2022-03-20T10:40:26","guid":{"rendered":"https:\/\/granturismorioja.com\/?page_id=858"},"modified":"2022-03-20T12:15:07","modified_gmt":"2022-03-20T11:15:07","slug":"crea-tu-ruta","status":"publish","type":"page","link":"https:\/\/granturismorioja.com\/en\/crea-tu-ruta\/","title":{"rendered":"Crea tu ruta"},"content":{"rendered":"<div class=\"container-xl\">\n<div class=\"row\">\n<div class=\"col-md-12 mt-1\">\n<div class=\"col-md-6\">\n<img loading=\"lazy\" decoding=\"async\" src=\"https:\/\/granturismorioja.com\/wp-content\/uploads\/2022\/03\/Laguardia-portico_N.jpg\" alt=\"\" width=\"800\" height=\"463\" class=\"alignnone size-full wp-image-748\" srcset=\"https:\/\/granturismorioja.com\/wp-content\/uploads\/2022\/03\/Laguardia-portico_N.jpg 800w, https:\/\/granturismorioja.com\/wp-content\/uploads\/2022\/03\/Laguardia-portico_N-300x174.jpg 300w, https:\/\/granturismorioja.com\/wp-content\/uploads\/2022\/03\/Laguardia-portico_N-768x444.jpg 768w\" sizes=\"auto, (max-width: 800px) 100vw, 800px\" \/><\/p>\n<div class=\"col-md-12\">\n<ul>\n<li><a href=\"https:\/\/granturismorioja.com\/ruta-laguardia\/\">Ruta Laguardia <\/a><\/li>\n<li><a href=\"https:\/\/granturismorioja.com\/ruta-de-fabula\/\">Ruta de f\u00e1bula <\/a><\/li>\n<li><a href=\"https:\/\/granturismorioja.com\/ruta-medieval\/\">Ruta Labastida Medieval <\/a><\/li>\n<li><a href=\"https:\/\/granturismorioja.com\/ruta-haro\/\">Ruta Haro. Antigua capital del vino Rioja <\/a><\/li>\n<li><a href=\"https:\/\/granturismorioja.com\/ruta-verde\/\">Ruta Verde <\/a><\/li>\n<li><a href=\"https:\/\/granturismorioja.com\/ruta-logrono\/\">Ruta Logro\u00f1o. Rio Ebro <\/a><\/li>\n<li><a href=\"https:\/\/granturismorioja.com\/ruta-de-los-monasterios\/\">Ruta de los Monasterios <\/a><\/li>\n<li><a href=\"https:\/\/granturismorioja.com\/ruta-laguardia\/\">Ruta Laguardia-Logro\u00f1o. Cultura y gastronom\u00eda <\/a><\/li>\n<li><a href=\"https:\/\/granturismorioja.com\/ruta-de-altura\/\">Ruta de Altura Labastida-Haro <\/a><\/li>\n<li><a href=\"https:\/\/granturismorioja.com\/ruta-museo-vivanco-y-vedega-en-haro\/\">Ruta Museo Vivanco y Bodegas en Haro<\/a><\/li>\n<li><a href=\"https:\/\/granturismorioja.com\/crea-tu-ruta\/\">Ruta personalizada <\/a><\/li>\n<\/ul>\n<\/div>\n<\/div>\n<div class=\"col-md-6 mt-0 pt-0\">\n<h2 class=\"m-0\">Duraci\u00f3n<\/h2>\n<p>4 horas.<\/p>\n<h3>Lo que hacemos *<\/h3>\n<p>Salimos del Hotel hacia la Villa Medieval amurallada de Laguardia. Paseo por el interior de la Villa, visita guiada a la Iglesia de Sta. Mar\u00eda de los Reyes.<\/p>\n<p>De Laguardia nos dirigimos por los vi\u00f1edos hacia Elvillar, al Dolmen de la Hechicera.<\/p>\n<p>Subiremos al Mirador de La Rioja, para ver el mosaico de vi\u00f1as y colores en el Valle ba\u00f1ado por el r\u00edo Ebro. Despu\u00e9s de ver el contraste entre el Norte, con sus centenarios \u00e1rboles y el Sur, con sus vi\u00f1edos partidos por el R\u00edo Ebro, visitaremos una bodega vertical, cuna del fabulista F\u00e9lix Mar\u00eda Samaniego.<\/p>\n<p>Fin de la Ruta y vuelta al Hotel.<\/p>\n<p>* Todas las rutas son rutas no cerradas. Las rutas se personalizan para cada cliente.<\/p>\n<\/div>\n<\/div>\n<\/div>\n","protected":false},"excerpt":{"rendered":"<p>Ruta Laguardia Ruta de f\u00e1bula Ruta Labastida Medieval Ruta Haro. Antigua capital del vino Rioja Ruta Verde Ruta Logro\u00f1o. Rio Ebro Ruta de los Monasterios Ruta Laguardia-Logro\u00f1o. Cultura y gastronom\u00eda Ruta de Altura Labastida-Haro Ruta Museo Vivanco y Bodegas en Haro Ruta personalizada Duraci\u00f3n 4 horas. Lo que hacemos * Salimos del Hotel hacia la Villa Medieval amurallada de Laguardia. Paseo por el interior de la Villa, visita guiada a&hellip; <\/p>\n","protected":false},"author":1,"featured_media":0,"parent":0,"menu_order":0,"comment_status":"closed","ping_status":"closed","template":"layouts\/page-fullwidth.php","meta":{"footnotes":""},"class_list":["post-858","page","type-page","status-publish","hentry"],"_links":{"self":[{"href":"https:\/\/granturismorioja.com\/en\/wp-json\/wp\/v2\/pages\/858","targetHints":{"allow":["GET"]}}],"collection":[{"href":"https:\/\/granturismorioja.com\/en\/wp-json\/wp\/v2\/pages"}],"about":[{"href":"https:\/\/granturismorioja.com\/en\/wp-json\/wp\/v2\/types\/page"}],"author":[{"embeddable":true,"href":"https:\/\/granturismorioja.com\/en\/wp-json\/wp\/v2\/users\/1"}],"replies":[{"embeddable":true,"href":"https:\/\/granturismorioja.com\/en\/wp-json\/wp\/v2\/comments?post=858"}],"version-history":[{"count":2,"href":"https:\/\/granturismorioja.com\/en\/wp-json\/wp\/v2\/pages\/858\/revisions"}],"predecessor-version":[{"id":876,"href":"https:\/\/granturismorioja.com\/en\/wp-json\/wp\/v2\/pages\/858\/revisions\/876"}],"wp:attachment":[{"href":"https:\/\/granturismorioja.com\/en\/wp-json\/wp\/v2\/media?parent=858"}],"curies":[{"name":"wp","href":"https:\/\/api.w.org\/{rel}","templated":true}]}}