{"id":850,"date":"2022-03-20T11:39:03","date_gmt":"2022-03-20T10:39:03","guid":{"rendered":"https:\/\/granturismorioja.com\/?page_id=850"},"modified":"2022-07-24T13:29:25","modified_gmt":"2022-07-24T11:29:25","slug":"ruta-de-los-monasterios","status":"publish","type":"page","link":"https:\/\/granturismorioja.com\/en\/ruta-de-los-monasterios\/","title":{"rendered":"Route of the monasteries"},"content":{"rendered":"<p><\/p>\n<div class=\"container-xl\">\n<div class=\"row\">\n<div class=\"col-md-12 mt-1\">\n<div class=\"col-md-6\">\n<img loading=\"lazy\" decoding=\"async\" src=\"https:\/\/granturismorioja.com\/wp-content\/uploads\/2022\/03\/Monasterio-de-Suso_N.jpg\" alt=\"\" width=\"800\" height=\"463\" class=\"alignnone size-full wp-image-749\" srcset=\"https:\/\/granturismorioja.com\/wp-content\/uploads\/2022\/03\/Monasterio-de-Suso_N.jpg 800w, https:\/\/granturismorioja.com\/wp-content\/uploads\/2022\/03\/Monasterio-de-Suso_N-300x174.jpg 300w, https:\/\/granturismorioja.com\/wp-content\/uploads\/2022\/03\/Monasterio-de-Suso_N-768x444.jpg 768w\" sizes=\"auto, (max-width: 800px) 100vw, 800px\" \/><\/p>\n<div class=\"col-md-12\">\n<ul>\n<li><a href=\"https:\/\/granturismorioja.com\/en\/ruta-laguardia\/\">Laguardia Route  <\/a><\/li>\n<li><a href=\"https:\/\/granturismorioja.com\/en\/ruta-de-fabula\/\">Fable Route <\/a><\/li>\n<li><a href=\"https:\/\/granturismorioja.com\/en\/ruta-medieval\/\">Medieval Route <\/a><\/li>\n<li><a href=\"https:\/\/granturismorioja.com\/en\/ruta-haro\/\">Haro Route <\/a><\/li>\n<li><a href=\"https:\/\/granturismorioja.com\/en\/ruta-verde\/\">Green Route <\/a><\/li>\n<li><a href=\"https:\/\/granturismorioja.com\/en\/ruta-logrono\/\">Logro\u00f1o Route <\/a><\/li>\n<li><a href=\"https:\/\/granturismorioja.com\/en\/ruta-de-los-monasterios\/\">Route of the monasteries <\/a><\/li>\n<li><a href=\"https:\/\/granturismorioja.com\/en\/ruta-laguardia\/\">Laguardia-Logro\u00f1o. Culture and gastronomy. <\/a><\/li>\n<li><a href=\"https:\/\/granturismorioja.com\/en\/ruta-de-altura\/\">High altitude Route <\/a><\/li>\n<li><a href=\"https:\/\/granturismorioja.com\/en\/ruta-museo-vivanco-y-vedega-en-haro\/\">Vivanco Museum and winery in Haro Route<\/a><\/li>\n<\/ul>\n<\/div>\n<\/div>\n<div class=\"col-md-6 mt-0 pt-0\">\n<h2 class=\"m-0\">Duration<\/h2>\n<p>8 hours.<\/p>\n<h3>Itinerary *<\/h3>\n<p>We leave the hotel towards Ca\u00f1as (La Rioja). There, we will visit The Monastery of Santa Mar\u00eda. Later, we visit the Monasteries of San Mill\u00e1n de Suso and San Mill\u00e1n de Yuso, situated in the village of San Mill\u00e1n de la Cogolla. These religious monuments are the birthplace of the Castilian language and the origin of Basque language.<\/p>\n<p>From San Mill\u00e1n de la Cogolla to Santo Domingo de la Calzada, that is a part of Way of St. James, we will visit its cathedral.<\/p>\n<p>In Haro, we will visit one historic winery (La Rioja Alta, G\u00f3mez Cruzado o L\u00f3pez de Heredia) depending on the day.<\/p>\n<p>Just across the river Ebro, in Labastida, you can walk along the main street at the same you admire coats of arms decorating stately homes.<\/p>\n<p>Return to the hotel.<\/p>\n<p>* On request any route can be customized.<\/p>\n<\/div>\n<\/div>\n<\/div>\n<p><\/p>","protected":false},"excerpt":{"rendered":"<p>Laguardia Route Fable Route Medieval Route Haro Route Green Route Logro\u00f1o Route Route of the monasteries Laguardia-Logro\u00f1o. Culture and gastronomy. High altitude Route Vivanco Museum and winery in Haro Route Duration 8 hours. Itinerary * We leave the hotel towards Ca\u00f1as (La Rioja). There, we will visit The Monastery of Santa Mar\u00eda. Later, we visit the Monasteries of San Mill\u00e1n de Suso and San Mill\u00e1n de Yuso, situated in the&hellip; <\/p>\n","protected":false},"author":1,"featured_media":0,"parent":0,"menu_order":0,"comment_status":"closed","ping_status":"closed","template":"layouts\/page-fullwidth.php","meta":{"footnotes":""},"class_list":["post-850","page","type-page","status-publish","hentry"],"_links":{"self":[{"href":"https:\/\/granturismorioja.com\/en\/wp-json\/wp\/v2\/pages\/850","targetHints":{"allow":["GET"]}}],"collection":[{"href":"https:\/\/granturismorioja.com\/en\/wp-json\/wp\/v2\/pages"}],"about":[{"href":"https:\/\/granturismorioja.com\/en\/wp-json\/wp\/v2\/types\/page"}],"author":[{"embeddable":true,"href":"https:\/\/granturismorioja.com\/en\/wp-json\/wp\/v2\/users\/1"}],"replies":[{"embeddable":true,"href":"https:\/\/granturismorioja.com\/en\/wp-json\/wp\/v2\/comments?post=850"}],"version-history":[{"count":8,"href":"https:\/\/granturismorioja.com\/en\/wp-json\/wp\/v2\/pages\/850\/revisions"}],"predecessor-version":[{"id":1700,"href":"https:\/\/granturismorioja.com\/en\/wp-json\/wp\/v2\/pages\/850\/revisions\/1700"}],"wp:attachment":[{"href":"https:\/\/granturismorioja.com\/en\/wp-json\/wp\/v2\/media?parent=850"}],"curies":[{"name":"wp","href":"https:\/\/api.w.org\/{rel}","templated":true}]}}