{"id":846,"date":"2022-03-20T11:38:33","date_gmt":"2022-03-20T10:38:33","guid":{"rendered":"https:\/\/granturismorioja.com\/?page_id=846"},"modified":"2022-07-24T13:25:15","modified_gmt":"2022-07-24T11:25:15","slug":"ruta-verde","status":"publish","type":"page","link":"https:\/\/granturismorioja.com\/en\/ruta-verde\/","title":{"rendered":"Green Route"},"content":{"rendered":"<p><\/p>\n<div class=\"container-xl\">\n<div class=\"row\">\n<div class=\"col-md-12 mt-1\">\n<div class=\"col-md-6\">\n<img loading=\"lazy\" decoding=\"async\" src=\"https:\/\/granturismorioja.com\/wp-content\/uploads\/2022\/03\/DolmenHechicera.jpg\" alt=\"\" width=\"800\" height=\"463\" class=\"alignnone size-full wp-image-741\" srcset=\"https:\/\/granturismorioja.com\/wp-content\/uploads\/2022\/03\/DolmenHechicera.jpg 800w, https:\/\/granturismorioja.com\/wp-content\/uploads\/2022\/03\/DolmenHechicera-300x174.jpg 300w, https:\/\/granturismorioja.com\/wp-content\/uploads\/2022\/03\/DolmenHechicera-768x444.jpg 768w\" sizes=\"auto, (max-width: 800px) 100vw, 800px\" \/><\/p>\n<div class=\"col-md-12\">\n<ul>\n<li><a href=\"https:\/\/granturismorioja.com\/en\/ruta-laguardia\/\">Laguardia Route<\/a><\/li>\n<li><a href=\"https:\/\/granturismorioja.com\/en\/ruta-de-fabula\/\">Fable Route <\/a><\/li>\n<li><a href=\"https:\/\/granturismorioja.com\/en\/ruta-medieval\/\">Medieval Route <\/a><\/li>\n<li><a href=\"https:\/\/granturismorioja.com\/en\/ruta-haro\/\">Haro Route <\/a><\/li>\n<li><a href=\"https:\/\/granturismorioja.com\/en\/ruta-verde\/\">Green Route <\/a><\/li>\n<li><a href=\"https:\/\/granturismorioja.com\/en\/ruta-logrono\/\">Logro\u00f1o Route <\/a><\/li>\n<li><a href=\"https:\/\/granturismorioja.com\/en\/ruta-de-los-monasterios\/\">Route of the monasteries <\/a><\/li>\n<li><a href=\"https:\/\/granturismorioja.com\/en\/ruta-laguardia\/\">Laguardia-Logro\u00f1o. Culture and gastronomy. <\/a><\/li>\n<li><a href=\"https:\/\/granturismorioja.com\/en\/ruta-de-altura\/\">High altitude Route <\/a><\/li>\n<li><a href=\"https:\/\/granturismorioja.com\/en\/ruta-museo-vivanco-y-vedega-en-haro\/\">Vivanco Museum and winery in Haro Route<\/a><\/li>\n<\/ul>\n<\/div>\n<\/div>\n<div class=\"col-md-6 mt-0 pt-0\">\n<h2 class=\"m-0\">Duraci\u00f3n<\/h2>\n<p>3 hours.<\/p>\n<h3>Itinerary *<\/h3>\n<p>This route includes a visit of The Bridge of Mantible (dating from II century BC) and The Witch\u2019s hut, a dolmen group in Elvillar. <\/p>\n<p>We can also enjoy an exceptional panoramic view of La Rioja. Outside viewing of several wineries is also included.<\/p>\n<p>End of the route and return to the hotel.<\/p>\n<\/div>\n<\/div>\n<\/div>\n<p><\/p>","protected":false},"excerpt":{"rendered":"<p>Laguardia Route Fable Route Medieval Route Haro Route Green Route Logro\u00f1o Route Route of the monasteries Laguardia-Logro\u00f1o. Culture and gastronomy. High altitude Route Vivanco Museum and winery in Haro Route Duraci\u00f3n 3 hours. Itinerary * This route includes a visit of The Bridge of Mantible (dating from II century BC) and The Witch\u2019s hut, a dolmen group in Elvillar. We can also enjoy an exceptional panoramic view of La Rioja.&hellip; <\/p>\n","protected":false},"author":1,"featured_media":0,"parent":0,"menu_order":0,"comment_status":"closed","ping_status":"closed","template":"layouts\/page-fullwidth.php","meta":{"footnotes":""},"class_list":["post-846","page","type-page","status-publish","hentry"],"_links":{"self":[{"href":"https:\/\/granturismorioja.com\/en\/wp-json\/wp\/v2\/pages\/846","targetHints":{"allow":["GET"]}}],"collection":[{"href":"https:\/\/granturismorioja.com\/en\/wp-json\/wp\/v2\/pages"}],"about":[{"href":"https:\/\/granturismorioja.com\/en\/wp-json\/wp\/v2\/types\/page"}],"author":[{"embeddable":true,"href":"https:\/\/granturismorioja.com\/en\/wp-json\/wp\/v2\/users\/1"}],"replies":[{"embeddable":true,"href":"https:\/\/granturismorioja.com\/en\/wp-json\/wp\/v2\/comments?post=846"}],"version-history":[{"count":5,"href":"https:\/\/granturismorioja.com\/en\/wp-json\/wp\/v2\/pages\/846\/revisions"}],"predecessor-version":[{"id":1693,"href":"https:\/\/granturismorioja.com\/en\/wp-json\/wp\/v2\/pages\/846\/revisions\/1693"}],"wp:attachment":[{"href":"https:\/\/granturismorioja.com\/en\/wp-json\/wp\/v2\/media?parent=846"}],"curies":[{"name":"wp","href":"https:\/\/api.w.org\/{rel}","templated":true}]}}