{"id":838,"date":"2022-03-20T11:37:33","date_gmt":"2022-03-20T10:37:33","guid":{"rendered":"https:\/\/granturismorioja.com\/?page_id=838"},"modified":"2022-07-24T13:29:45","modified_gmt":"2022-07-24T11:29:45","slug":"ruta-laguardia","status":"publish","type":"page","link":"https:\/\/granturismorioja.com\/en\/ruta-laguardia\/","title":{"rendered":"Laguardia Route"},"content":{"rendered":"<p><\/p>\n<div class=\"container-xl\">\n<div class=\"row\">\n<div class=\"col-md-12 mt-1\">\n<div class=\"col-md-6\">\n<img loading=\"lazy\" decoding=\"async\" src=\"https:\/\/granturismorioja.com\/wp-content\/uploads\/2022\/03\/Laguardia-portico_N.jpg\" alt=\"\" width=\"800\" height=\"463\" class=\"alignnone size-full wp-image-748\" srcset=\"https:\/\/granturismorioja.com\/wp-content\/uploads\/2022\/03\/Laguardia-portico_N.jpg 800w, https:\/\/granturismorioja.com\/wp-content\/uploads\/2022\/03\/Laguardia-portico_N-300x174.jpg 300w, https:\/\/granturismorioja.com\/wp-content\/uploads\/2022\/03\/Laguardia-portico_N-768x444.jpg 768w\" sizes=\"auto, (max-width: 800px) 100vw, 800px\" \/><\/p>\n<div class=\"col-md-12\">\n<ul>\n<li><a href=\"https:\/\/granturismorioja.com\/en\/ruta-laguardia\/\">Laguardia Route <\/a><\/li>\n<li><a href=\"https:\/\/granturismorioja.com\/en\/ruta-de-fabula\/\">Fable Route <\/a><\/li>\n<li><a href=\"https:\/\/granturismorioja.com\/en\/ruta-medieval\/\">Medieval Route <\/a><\/li>\n<li><a href=\"https:\/\/granturismorioja.com\/en\/ruta-haro\/\">Haro Route <\/a><\/li>\n<li><a href=\"https:\/\/granturismorioja.com\/en\/ruta-verde\/\">Green Route <\/a><\/li>\n<li><a href=\"https:\/\/granturismorioja.com\/en\/ruta-logrono\/\">Logro\u00f1o Route <\/a><\/li>\n<li><a href=\"https:\/\/granturismorioja.com\/en\/ruta-de-los-monasterios\/\">Route of the monasteries <\/a><\/li>\n<li><a href=\"https:\/\/granturismorioja.com\/en\/ruta-laguardia\/\">Laguardia-Logro\u00f1o. Culture and gastronomy. <\/a><\/li>\n<li><a href=\"https:\/\/granturismorioja.com\/en\/ruta-de-altura\/\">High altitude Route <\/a><\/li>\n<li><a href=\"https:\/\/granturismorioja.com\/en\/ruta-museo-vivanco-y-vedega-en-haro\/\">Vivanco Museum and winery in Haro Route<\/a><\/li>\n<\/ul>\n<\/div>\n<\/div>\n<div class=\"col-md-6 mt-0 pt-0\">\n<h2 class=\"m-0\">Duration<\/h2>\n<p>4 hours.<\/p>\n<h3>Itinerary *<\/h3>\n<p>Departure from the hotel towards the medieval walled town of Laguardia. This place was the birthplace of fabulist F\u00e9lix Mar\u00eda Samaniego. In a walk through the interior of the town, a guided visit of Church of Sta. Mar\u00eda de los Reyes.<\/p>\n<p>Drive along the vineyards to the Witch\u2019s hut, a dolmen group in Elvillar (\u00c1lava, Basque Country).<\/p>\n<p>We will climb up to La Rioja viewing point where you will see a colourful patchwork of vineyards in the valley, which is bathed by Ebro River. It is amazingly incredible to see the contrast between the centenarian trees in the north and the vineyards in the south. We will visit a wine cellar with a vertical storage system.<\/p>\n<p>Return to the hotel.<\/p>\n<p>* On request any route can be customized.<\/p>\n<\/div>\n<\/div>\n<\/div>\n<p><\/p>","protected":false},"excerpt":{"rendered":"<p>Laguardia Route Fable Route Medieval Route Haro Route Green Route Logro\u00f1o Route Route of the monasteries Laguardia-Logro\u00f1o. Culture and gastronomy. High altitude Route Vivanco Museum and winery in Haro Route Duration 4 hours. Itinerary * Departure from the hotel towards the medieval walled town of Laguardia. This place was the birthplace of fabulist F\u00e9lix Mar\u00eda Samaniego. In a walk through the interior of the town, a guided visit of Church&hellip; <\/p>\n","protected":false},"author":1,"featured_media":0,"parent":0,"menu_order":0,"comment_status":"closed","ping_status":"closed","template":"layouts\/page-fullwidth.php","meta":{"footnotes":""},"class_list":["post-838","page","type-page","status-publish","hentry"],"_links":{"self":[{"href":"https:\/\/granturismorioja.com\/en\/wp-json\/wp\/v2\/pages\/838","targetHints":{"allow":["GET"]}}],"collection":[{"href":"https:\/\/granturismorioja.com\/en\/wp-json\/wp\/v2\/pages"}],"about":[{"href":"https:\/\/granturismorioja.com\/en\/wp-json\/wp\/v2\/types\/page"}],"author":[{"embeddable":true,"href":"https:\/\/granturismorioja.com\/en\/wp-json\/wp\/v2\/users\/1"}],"replies":[{"embeddable":true,"href":"https:\/\/granturismorioja.com\/en\/wp-json\/wp\/v2\/comments?post=838"}],"version-history":[{"count":23,"href":"https:\/\/granturismorioja.com\/en\/wp-json\/wp\/v2\/pages\/838\/revisions"}],"predecessor-version":[{"id":1694,"href":"https:\/\/granturismorioja.com\/en\/wp-json\/wp\/v2\/pages\/838\/revisions\/1694"}],"wp:attachment":[{"href":"https:\/\/granturismorioja.com\/en\/wp-json\/wp\/v2\/media?parent=838"}],"curies":[{"name":"wp","href":"https:\/\/api.w.org\/{rel}","templated":true}]}}